{"id":22616,"date":"2026-04-08T16:05:31","date_gmt":"2026-04-08T16:05:31","guid":{"rendered":"https:\/\/norte.com.co\/?page_id=22616"},"modified":"2026-04-08T16:57:10","modified_gmt":"2026-04-08T16:57:10","slug":"asesoramiento-personalizado","status":"publish","type":"page","link":"https:\/\/norte.com.co\/en\/asesoramiento-personalizado\/","title":{"rendered":"Asesoramiento personalizado"},"content":{"rendered":"<div data-elementor-type=\"wp-page\" data-elementor-id=\"22616\" class=\"elementor elementor-22616\" data-elementor-post-type=\"page\">\n\t\t\t\t\t\t<section class=\"elementor-section elementor-top-section elementor-element elementor-element-445b5fa4 animated-slow elementor-section-content-middle elementor-section-full_width elementor-section-height-min-height elementor-section-height-default elementor-section-items-middle elementor-invisible\" data-id=\"445b5fa4\" data-element_type=\"section\" data-e-type=\"section\" data-settings=\"{&quot;background_background&quot;:&quot;classic&quot;,&quot;animation&quot;:&quot;fadeIn&quot;}\">\n\t\t\t\t\t\t\t<div class=\"elementor-background-overlay\"><\/div>\n\t\t\t\t\t\t\t<div class=\"elementor-container elementor-column-gap-no\">\n\t\t\t\t\t<div class=\"elementor-column elementor-col-100 elementor-top-column elementor-element elementor-element-76c2f9b3\" data-id=\"76c2f9b3\" data-element_type=\"column\" data-e-type=\"column\" data-settings=\"{&quot;background_background&quot;:&quot;classic&quot;}\">\n\t\t\t<div class=\"elementor-widget-wrap elementor-element-populated\">\n\t\t\t\t\t\t<div class=\"elementor-element elementor-element-6c313369 elementor-widget elementor-widget-heading\" data-id=\"6c313369\" data-element_type=\"widget\" data-e-type=\"widget\" data-widget_type=\"heading.default\">\n\t\t\t\t\t<h2 class=\"elementor-heading-title elementor-size-default\">Asesoramiento Personalizado<\/h2>\t\t\t\t<\/div>\n\t\t\t\t\t<\/div>\n\t\t<\/div>\n\t\t\t\t\t<\/div>\n\t\t<\/section>\n\t\t\t\t<section class=\"elementor-section elementor-top-section elementor-element elementor-element-2da2d94b elementor-section-boxed elementor-section-height-default elementor-section-height-default\" data-id=\"2da2d94b\" data-element_type=\"section\" data-e-type=\"section\" data-settings=\"{&quot;background_background&quot;:&quot;classic&quot;}\">\n\t\t\t\t\t\t<div class=\"elementor-container elementor-column-gap-default\">\n\t\t\t\t\t<div class=\"elementor-column elementor-col-100 elementor-top-column elementor-element elementor-element-7405f800\" data-id=\"7405f800\" data-element_type=\"column\" data-e-type=\"column\">\n\t\t\t<div class=\"elementor-widget-wrap elementor-element-populated\">\n\t\t\t\t\t\t<section class=\"elementor-section elementor-inner-section elementor-element elementor-element-73e8fb0d elementor-section-boxed elementor-section-height-default elementor-section-height-default\" data-id=\"73e8fb0d\" data-element_type=\"section\" data-e-type=\"section\">\n\t\t\t\t\t\t<div class=\"elementor-container elementor-column-gap-default\">\n\t\t\t\t\t<div class=\"elementor-column elementor-col-100 elementor-inner-column elementor-element elementor-element-5551a7ac\" data-id=\"5551a7ac\" data-element_type=\"column\" data-e-type=\"column\">\n\t\t\t<div class=\"elementor-widget-wrap elementor-element-populated\">\n\t\t\t\t\t\t<div class=\"elementor-element elementor-element-434ac5b4 elementor-invisible elementor-widget elementor-widget-heading\" data-id=\"434ac5b4\" data-element_type=\"widget\" data-e-type=\"widget\" data-settings=\"{&quot;_animation&quot;:&quot;fadeIn&quot;,&quot;_animation_delay&quot;:50}\" data-widget_type=\"heading.default\">\n\t\t\t\t\t<h2 class=\"elementor-heading-title elementor-size-default\">\u00a1Unidos somos m\u00e1s fuertes!<\/h2>\t\t\t\t<\/div>\n\t\t\t\t\t<\/div>\n\t\t<\/div>\n\t\t\t\t\t<\/div>\n\t\t<\/section>\n\t\t\t\t<section class=\"elementor-section elementor-inner-section elementor-element elementor-element-788d1eab elementor-section-boxed elementor-section-height-default elementor-section-height-default\" data-id=\"788d1eab\" data-element_type=\"section\" data-e-type=\"section\">\n\t\t\t\t\t\t<div class=\"elementor-container elementor-column-gap-default\">\n\t\t\t\t\t<div class=\"elementor-column elementor-col-100 elementor-inner-column elementor-element elementor-element-61b90bf6\" data-id=\"61b90bf6\" data-element_type=\"column\" data-e-type=\"column\">\n\t\t\t<div class=\"elementor-widget-wrap elementor-element-populated\">\n\t\t\t\t\t\t<div class=\"elementor-element elementor-element-73c03fbf elementor-invisible elementor-widget elementor-widget-heading\" data-id=\"73c03fbf\" data-element_type=\"widget\" data-e-type=\"widget\" data-settings=\"{&quot;_animation&quot;:&quot;fadeIn&quot;,&quot;_animation_delay&quot;:50}\" data-widget_type=\"heading.default\">\n\t\t\t\t\t<h2 class=\"elementor-heading-title elementor-size-default\">En Norte Grupo Inmobiliario creemos que el desarrollo de contenido de valor y calidad, impera sobre las dem\u00e1s ofertas disponibles en la industria.<\/h2>\t\t\t\t<\/div>\n\t\t\t\t<div class=\"elementor-element elementor-element-1f4c5b0 elementor-invisible elementor-widget elementor-widget-heading\" data-id=\"1f4c5b0\" data-element_type=\"widget\" data-e-type=\"widget\" data-settings=\"{&quot;_animation&quot;:&quot;fadeIn&quot;,&quot;_animation_delay&quot;:50}\" data-widget_type=\"heading.default\">\n\t\t\t\t\t<h2 class=\"elementor-heading-title elementor-size-default\">\nActualmente contamos con una completa infraestructura de servicios, mediante la cual producimos contenido que permita destacar las piezas claves de cada una de las propiedades que ofertamos y llegar a los clientes m\u00e1s exclusivos y exigentes.<\/h2>\t\t\t\t<\/div>\n\t\t\t\t\t<\/div>\n\t\t<\/div>\n\t\t\t\t\t<\/div>\n\t\t<\/section>\n\t\t\t\t\t<\/div>\n\t\t<\/div>\n\t\t\t\t\t<\/div>\n\t\t<\/section>\n\t\t\t\t<section class=\"elementor-section elementor-top-section elementor-element elementor-element-69f22b0 elementor-section-boxed elementor-section-height-default elementor-section-height-default\" data-id=\"69f22b0\" data-element_type=\"section\" data-e-type=\"section\" data-settings=\"{&quot;background_background&quot;:&quot;classic&quot;}\">\n\t\t\t\t\t\t<div class=\"elementor-container elementor-column-gap-default\">\n\t\t\t\t\t<div class=\"elementor-column elementor-col-50 elementor-top-column elementor-element elementor-element-2dd62e1\" data-id=\"2dd62e1\" data-element_type=\"column\" data-e-type=\"column\">\n\t\t\t<div class=\"elementor-widget-wrap elementor-element-populated\">\n\t\t\t\t\t\t<div class=\"elementor-element elementor-element-3e33213 elementor-widget elementor-widget-image\" data-id=\"3e33213\" data-element_type=\"widget\" data-e-type=\"widget\" data-widget_type=\"image.default\">\n\t\t\t\t\t\t\t\t\t\t\t\t\t\t\t<img fetchpriority=\"high\" decoding=\"async\" width=\"612\" height=\"408\" src=\"https:\/\/norte.com.co\/wp-content\/uploads\/2021\/11\/office-2.jpeg\" class=\"attachment-large size-large wp-image-20648\" alt=\"\" srcset=\"https:\/\/norte.com.co\/wp-content\/uploads\/2021\/11\/office-2.jpeg 612w, https:\/\/norte.com.co\/wp-content\/uploads\/2021\/11\/office-2-300x200.jpeg 300w, https:\/\/norte.com.co\/wp-content\/uploads\/2021\/11\/office-2-105x70.jpeg 105w\" sizes=\"(max-width: 612px) 100vw, 612px\" \/>\t\t\t\t\t\t\t\t\t\t\t\t\t\t\t<\/div>\n\t\t\t\t\t<\/div>\n\t\t<\/div>\n\t\t\t\t<div class=\"elementor-column elementor-col-50 elementor-top-column elementor-element elementor-element-f0522fe\" data-id=\"f0522fe\" data-element_type=\"column\" data-e-type=\"column\">\n\t\t\t<div class=\"elementor-widget-wrap elementor-element-populated\">\n\t\t\t\t\t\t<div class=\"elementor-element elementor-element-eb84f7d elementor-widget elementor-widget-heading\" data-id=\"eb84f7d\" data-element_type=\"widget\" data-e-type=\"widget\" data-widget_type=\"heading.default\">\n\t\t\t\t\t<h2 class=\"elementor-heading-title elementor-size-default\">Selecci\u00f3n de Propiedades:<\/h2>\t\t\t\t<\/div>\n\t\t\t\t<div class=\"elementor-element elementor-element-a857fcd elementor-widget elementor-widget-text-editor\" data-id=\"a857fcd\" data-element_type=\"widget\" data-e-type=\"widget\" data-widget_type=\"text-editor.default\">\n\t\t\t\t\t\t\t\t\t<p class=\"zfr3Q CDt4Ke\" dir=\"ltr\"><span class=\"C9DxTc\">Analizamos los inmuebles que promocionamos, para definir aquellos que cumplan con nuestros criterios de selecci\u00f3n:<\/span><\/p><p class=\"zfr3Q CDt4Ke\" dir=\"ltr\"><span class=\"C9DxTc\">Valor de venta mayor a (&gt;)$400.000.000 <\/span><span class=\"C9DxTc\">COP<\/span><span class=\"C9DxTc\">\u00a0<\/span><span class=\"C9DxTc\">, o valor de renta mayor a (&gt;) $5.000.000 <\/span><span class=\"C9DxTc\">COP<\/span><\/p>\t\t\t\t\t\t\t\t<\/div>\n\t\t\t\t\t<\/div>\n\t\t<\/div>\n\t\t\t\t\t<\/div>\n\t\t<\/section>\n\t\t\t\t<section class=\"elementor-section elementor-top-section elementor-element elementor-element-796c13a elementor-section-boxed elementor-section-height-default elementor-section-height-default\" data-id=\"796c13a\" data-element_type=\"section\" data-e-type=\"section\" data-settings=\"{&quot;background_background&quot;:&quot;classic&quot;}\">\n\t\t\t\t\t\t<div class=\"elementor-container elementor-column-gap-default\">\n\t\t\t\t\t<div class=\"elementor-column elementor-col-50 elementor-top-column elementor-element elementor-element-fd1e8ac\" data-id=\"fd1e8ac\" data-element_type=\"column\" data-e-type=\"column\">\n\t\t\t<div class=\"elementor-widget-wrap elementor-element-populated\">\n\t\t\t\t\t\t<div class=\"elementor-element elementor-element-adfe070 elementor-widget elementor-widget-image\" data-id=\"adfe070\" data-element_type=\"widget\" data-e-type=\"widget\" data-widget_type=\"image.default\">\n\t\t\t\t\t\t\t\t\t\t\t\t\t\t\t<img fetchpriority=\"high\" decoding=\"async\" width=\"612\" height=\"408\" src=\"https:\/\/norte.com.co\/wp-content\/uploads\/2021\/11\/office-2.jpeg\" class=\"attachment-large size-large wp-image-20648\" alt=\"\" srcset=\"https:\/\/norte.com.co\/wp-content\/uploads\/2021\/11\/office-2.jpeg 612w, https:\/\/norte.com.co\/wp-content\/uploads\/2021\/11\/office-2-300x200.jpeg 300w, https:\/\/norte.com.co\/wp-content\/uploads\/2021\/11\/office-2-105x70.jpeg 105w\" sizes=\"(max-width: 612px) 100vw, 612px\" \/>\t\t\t\t\t\t\t\t\t\t\t\t\t\t\t<\/div>\n\t\t\t\t\t<\/div>\n\t\t<\/div>\n\t\t\t\t<div class=\"elementor-column elementor-col-50 elementor-top-column elementor-element elementor-element-04e8110\" data-id=\"04e8110\" data-element_type=\"column\" data-e-type=\"column\">\n\t\t\t<div class=\"elementor-widget-wrap elementor-element-populated\">\n\t\t\t\t\t\t<div class=\"elementor-element elementor-element-e16169b elementor-widget elementor-widget-heading\" data-id=\"e16169b\" data-element_type=\"widget\" data-e-type=\"widget\" data-widget_type=\"heading.default\">\n\t\t\t\t\t<h2 class=\"elementor-heading-title elementor-size-default\">Registro fotogr\u00e1fico profesional:<\/h2>\t\t\t\t<\/div>\n\t\t\t\t<div class=\"elementor-element elementor-element-58a7f17 elementor-widget elementor-widget-text-editor\" data-id=\"58a7f17\" data-element_type=\"widget\" data-e-type=\"widget\" data-widget_type=\"text-editor.default\">\n\t\t\t\t\t\t\t\t\t<p class=\"zfr3Q CDt4Ke\" dir=\"ltr\"><span class=\"C9DxTc\">Contamos con un equipo interno realizando fotograf\u00edas profesionales y videos de calidad que nos permiten promover su propiedad con un contenido de alto valor.<\/span><\/p><p class=\"zfr3Q CDt4Ke\" dir=\"ltr\"><span class=\"C9DxTc\">Este servicio no tiene un costo adicional.<\/span><span class=\"C9DxTc\">\u00a0<\/span><\/p>\t\t\t\t\t\t\t\t<\/div>\n\t\t\t\t\t<\/div>\n\t\t<\/div>\n\t\t\t\t\t<\/div>\n\t\t<\/section>\n\t\t\t\t<section class=\"elementor-section elementor-top-section elementor-element elementor-element-86927e7 elementor-section-boxed elementor-section-height-default elementor-section-height-default\" data-id=\"86927e7\" data-element_type=\"section\" data-e-type=\"section\" data-settings=\"{&quot;background_background&quot;:&quot;classic&quot;}\">\n\t\t\t\t\t\t<div class=\"elementor-container elementor-column-gap-default\">\n\t\t\t\t\t<div class=\"elementor-column elementor-col-50 elementor-top-column elementor-element elementor-element-a1c8530\" data-id=\"a1c8530\" data-element_type=\"column\" data-e-type=\"column\">\n\t\t\t<div class=\"elementor-widget-wrap elementor-element-populated\">\n\t\t\t\t\t\t<div class=\"elementor-element elementor-element-d49aa3f elementor-widget elementor-widget-image\" data-id=\"d49aa3f\" data-element_type=\"widget\" data-e-type=\"widget\" data-widget_type=\"image.default\">\n\t\t\t\t\t\t\t\t\t\t\t\t\t\t\t<img fetchpriority=\"high\" decoding=\"async\" width=\"612\" height=\"408\" src=\"https:\/\/norte.com.co\/wp-content\/uploads\/2021\/11\/office-2.jpeg\" class=\"attachment-large size-large wp-image-20648\" alt=\"\" srcset=\"https:\/\/norte.com.co\/wp-content\/uploads\/2021\/11\/office-2.jpeg 612w, https:\/\/norte.com.co\/wp-content\/uploads\/2021\/11\/office-2-300x200.jpeg 300w, https:\/\/norte.com.co\/wp-content\/uploads\/2021\/11\/office-2-105x70.jpeg 105w\" sizes=\"(max-width: 612px) 100vw, 612px\" \/>\t\t\t\t\t\t\t\t\t\t\t\t\t\t\t<\/div>\n\t\t\t\t\t<\/div>\n\t\t<\/div>\n\t\t\t\t<div class=\"elementor-column elementor-col-50 elementor-top-column elementor-element elementor-element-bcbf174\" data-id=\"bcbf174\" data-element_type=\"column\" data-e-type=\"column\">\n\t\t\t<div class=\"elementor-widget-wrap elementor-element-populated\">\n\t\t\t\t\t\t<div class=\"elementor-element elementor-element-e702754 elementor-widget elementor-widget-heading\" data-id=\"e702754\" data-element_type=\"widget\" data-e-type=\"widget\" data-widget_type=\"heading.default\">\n\t\t\t\t\t<h2 class=\"elementor-heading-title elementor-size-default\">Plan de aceleraci\u00f3n comercial:<\/h2>\t\t\t\t<\/div>\n\t\t\t\t<div class=\"elementor-element elementor-element-c2e2de7 elementor-widget elementor-widget-text-editor\" data-id=\"c2e2de7\" data-element_type=\"widget\" data-e-type=\"widget\" data-widget_type=\"text-editor.default\">\n\t\t\t\t\t\t\t\t\t<p class=\"zfr3Q CDt4Ke\" dir=\"ltr\">Desarrollamos una estrategia de marketing adecuada para asegurar la mejor visibilidad de su propiedad en nuestra plataforma y redes sociales. Las pautas que realizamos no tienen costo adicional para nuestros aliados y clientes.<\/p>\t\t\t\t\t\t\t\t<\/div>\n\t\t\t\t\t<\/div>\n\t\t<\/div>\n\t\t\t\t\t<\/div>\n\t\t<\/section>\n\t\t\t\t<section class=\"elementor-section elementor-top-section elementor-element elementor-element-cebf485 elementor-section-boxed elementor-section-height-default elementor-section-height-default\" data-id=\"cebf485\" data-element_type=\"section\" data-e-type=\"section\" data-settings=\"{&quot;background_background&quot;:&quot;classic&quot;}\">\n\t\t\t\t\t\t<div class=\"elementor-container elementor-column-gap-default\">\n\t\t\t\t\t<div class=\"elementor-column elementor-col-50 elementor-top-column elementor-element elementor-element-11705ab\" data-id=\"11705ab\" data-element_type=\"column\" data-e-type=\"column\">\n\t\t\t<div class=\"elementor-widget-wrap elementor-element-populated\">\n\t\t\t\t\t\t<div class=\"elementor-element elementor-element-f72c3b7 elementor-widget elementor-widget-image\" data-id=\"f72c3b7\" data-element_type=\"widget\" data-e-type=\"widget\" data-widget_type=\"image.default\">\n\t\t\t\t\t\t\t\t\t\t\t\t\t\t\t<img fetchpriority=\"high\" decoding=\"async\" width=\"612\" height=\"408\" src=\"https:\/\/norte.com.co\/wp-content\/uploads\/2021\/11\/office-2.jpeg\" class=\"attachment-large size-large wp-image-20648\" alt=\"\" srcset=\"https:\/\/norte.com.co\/wp-content\/uploads\/2021\/11\/office-2.jpeg 612w, https:\/\/norte.com.co\/wp-content\/uploads\/2021\/11\/office-2-300x200.jpeg 300w, https:\/\/norte.com.co\/wp-content\/uploads\/2021\/11\/office-2-105x70.jpeg 105w\" sizes=\"(max-width: 612px) 100vw, 612px\" \/>\t\t\t\t\t\t\t\t\t\t\t\t\t\t\t<\/div>\n\t\t\t\t\t<\/div>\n\t\t<\/div>\n\t\t\t\t<div class=\"elementor-column elementor-col-50 elementor-top-column elementor-element elementor-element-8721ae2\" data-id=\"8721ae2\" data-element_type=\"column\" data-e-type=\"column\">\n\t\t\t<div class=\"elementor-widget-wrap elementor-element-populated\">\n\t\t\t\t\t\t<div class=\"elementor-element elementor-element-c30d186 elementor-widget elementor-widget-heading\" data-id=\"c30d186\" data-element_type=\"widget\" data-e-type=\"widget\" data-widget_type=\"heading.default\">\n\t\t\t\t\t<h2 class=\"elementor-heading-title elementor-size-default\">Manejo operacional de la comercializaci\u00f3n:<\/h2>\t\t\t\t<\/div>\n\t\t\t\t<div class=\"elementor-element elementor-element-4fec082 elementor-widget elementor-widget-text-editor\" data-id=\"4fec082\" data-element_type=\"widget\" data-e-type=\"widget\" data-widget_type=\"text-editor.default\">\n\t\t\t\t\t\t\t\t\t<p class=\"zfr3Q CDt4Ke\" dir=\"ltr\"><span class=\"C9DxTc\">Tendr\u00e1n un equipo a su disposici\u00f3n para el agendamiento de citas y un equipo de especialistas haciendo un acompa\u00f1amiento integral a nuestros clientes. Tambi\u00e9n haremos una constante retroalimentaci\u00f3n con indicadores de comercializaci\u00f3n incluyendo visitas, avance de potenciales oportunidades y estado de negociaciones.<\/span><span class=\"C9DxTc\">\u00a0<\/span><\/p>\t\t\t\t\t\t\t\t<\/div>\n\t\t\t\t\t<\/div>\n\t\t<\/div>\n\t\t\t\t\t<\/div>\n\t\t<\/section>\n\t\t\t\t<section class=\"elementor-section elementor-top-section elementor-element elementor-element-c0d5046 elementor-section-boxed elementor-section-height-default elementor-section-height-default\" data-id=\"c0d5046\" data-element_type=\"section\" data-e-type=\"section\" data-settings=\"{&quot;background_background&quot;:&quot;classic&quot;}\">\n\t\t\t\t\t\t<div class=\"elementor-container elementor-column-gap-default\">\n\t\t\t\t\t<div class=\"elementor-column elementor-col-50 elementor-top-column elementor-element elementor-element-be6260c\" data-id=\"be6260c\" data-element_type=\"column\" data-e-type=\"column\">\n\t\t\t<div class=\"elementor-widget-wrap elementor-element-populated\">\n\t\t\t\t\t\t<div class=\"elementor-element elementor-element-2ea8f3e elementor-widget elementor-widget-image\" data-id=\"2ea8f3e\" data-element_type=\"widget\" data-e-type=\"widget\" data-widget_type=\"image.default\">\n\t\t\t\t\t\t\t\t\t\t\t\t\t\t\t<img fetchpriority=\"high\" decoding=\"async\" width=\"612\" height=\"408\" src=\"https:\/\/norte.com.co\/wp-content\/uploads\/2021\/11\/office-2.jpeg\" class=\"attachment-large size-large wp-image-20648\" alt=\"\" srcset=\"https:\/\/norte.com.co\/wp-content\/uploads\/2021\/11\/office-2.jpeg 612w, https:\/\/norte.com.co\/wp-content\/uploads\/2021\/11\/office-2-300x200.jpeg 300w, https:\/\/norte.com.co\/wp-content\/uploads\/2021\/11\/office-2-105x70.jpeg 105w\" sizes=\"(max-width: 612px) 100vw, 612px\" \/>\t\t\t\t\t\t\t\t\t\t\t\t\t\t\t<\/div>\n\t\t\t\t\t<\/div>\n\t\t<\/div>\n\t\t\t\t<div class=\"elementor-column elementor-col-50 elementor-top-column elementor-element elementor-element-d395904\" data-id=\"d395904\" data-element_type=\"column\" data-e-type=\"column\">\n\t\t\t<div class=\"elementor-widget-wrap elementor-element-populated\">\n\t\t\t\t\t\t<div class=\"elementor-element elementor-element-ac02c2e elementor-widget elementor-widget-heading\" data-id=\"ac02c2e\" data-element_type=\"widget\" data-e-type=\"widget\" data-widget_type=\"heading.default\">\n\t\t\t\t\t<h2 class=\"elementor-heading-title elementor-size-default\">Alianzas estrategicas:<\/h2>\t\t\t\t<\/div>\n\t\t\t\t<div class=\"elementor-element elementor-element-bdc8243 elementor-widget elementor-widget-text-editor\" data-id=\"bdc8243\" data-element_type=\"widget\" data-e-type=\"widget\" data-widget_type=\"text-editor.default\">\n\t\t\t\t\t\t\t\t\t<ul class=\"n8H08c UVNKR\"><li class=\"zfr3Q TYR86d eD0Rn\" dir=\"ltr\"><p class=\"zfr3Q CDt4Ke\" dir=\"ltr\" role=\"presentation\"><span class=\"C9DxTc\">Alianza con abogados para la elaboraci\u00f3n de contratos (arrendamiento, promesa de venta, etc)<\/span><\/p><\/li><li class=\"zfr3Q TYR86d eD0Rn\" dir=\"ltr\"><p class=\"zfr3Q CDt4Ke\" dir=\"ltr\" role=\"presentation\"><span class=\"C9DxTc\">Acompa\u00f1amiento notarial<\/span><\/p><\/li><li class=\"zfr3Q TYR86d eD0Rn\" dir=\"ltr\"><p class=\"zfr3Q CDt4Ke\" dir=\"ltr\" role=\"presentation\"><span class=\"C9DxTc\">Apoyo de arquitectos<\/span><span class=\"C9DxTc\">\u00a0<\/span><\/p><\/li><li class=\"zfr3Q TYR86d eD0Rn\" dir=\"ltr\"><p class=\"zfr3Q CDt4Ke\" dir=\"ltr\" role=\"presentation\"><span class=\"C9DxTc\">Seguro de hogar<\/span><\/p><\/li><li class=\"zfr3Q TYR86d eD0Rn\" dir=\"ltr\"><p class=\"zfr3Q CDt4Ke\" dir=\"ltr\" role=\"presentation\"><span class=\"C9DxTc\">Tasaci\u00f3n inmobiliaria.<\/span><\/p><\/li><li class=\"zfr3Q TYR86d eD0Rn\" dir=\"ltr\"><p class=\"zfr3Q CDt4Ke\" dir=\"ltr\" role=\"presentation\"><span class=\"C9DxTc\">Asesoria financiera.<\/span><\/p><\/li><\/ul>\t\t\t\t\t\t\t\t<\/div>\n\t\t\t\t\t<\/div>\n\t\t<\/div>\n\t\t\t\t\t<\/div>\n\t\t<\/section>\n\t\t\t\t<section class=\"elementor-section elementor-top-section elementor-element elementor-element-080b53f elementor-section-boxed elementor-section-height-default elementor-section-height-default\" data-id=\"080b53f\" data-element_type=\"section\" data-e-type=\"section\" data-settings=\"{&quot;background_background&quot;:&quot;classic&quot;}\">\n\t\t\t\t\t\t<div class=\"elementor-container elementor-column-gap-default\">\n\t\t\t\t\t<div class=\"elementor-column elementor-col-100 elementor-top-column elementor-element elementor-element-3ff7134\" data-id=\"3ff7134\" data-element_type=\"column\" data-e-type=\"column\">\n\t\t\t<div class=\"elementor-widget-wrap elementor-element-populated\">\n\t\t\t\t\t\t<div class=\"elementor-element elementor-element-33bb100 elementor-widget elementor-widget-image\" data-id=\"33bb100\" data-element_type=\"widget\" data-e-type=\"widget\" data-widget_type=\"image.default\">\n\t\t\t\t\t\t\t\t\t\t\t\t\t\t\t<img decoding=\"async\" width=\"1024\" height=\"1024\" src=\"https:\/\/norte.com.co\/wp-content\/uploads\/2026\/04\/sabana-centro-1024x1024.png\" class=\"attachment-large size-large wp-image-22623\" alt=\"\" srcset=\"https:\/\/norte.com.co\/wp-content\/uploads\/2026\/04\/sabana-centro-1024x1024.png 1024w, https:\/\/norte.com.co\/wp-content\/uploads\/2026\/04\/sabana-centro-300x300.png 300w, https:\/\/norte.com.co\/wp-content\/uploads\/2026\/04\/sabana-centro-150x150.png 150w, https:\/\/norte.com.co\/wp-content\/uploads\/2026\/04\/sabana-centro-768x768.png 768w, https:\/\/norte.com.co\/wp-content\/uploads\/2026\/04\/sabana-centro-1536x1536.png 1536w, https:\/\/norte.com.co\/wp-content\/uploads\/2026\/04\/sabana-centro-12x12.png 12w, https:\/\/norte.com.co\/wp-content\/uploads\/2026\/04\/sabana-centro-120x120.png 120w, https:\/\/norte.com.co\/wp-content\/uploads\/2026\/04\/sabana-centro-45x45.png 45w, https:\/\/norte.com.co\/wp-content\/uploads\/2026\/04\/sabana-centro-36x36.png 36w, https:\/\/norte.com.co\/wp-content\/uploads\/2026\/04\/sabana-centro.png 2000w\" sizes=\"(max-width: 1024px) 100vw, 1024px\" \/>\t\t\t\t\t\t\t\t\t\t\t\t\t\t\t<\/div>\n\t\t\t\t\t<\/div>\n\t\t<\/div>\n\t\t\t\t\t<\/div>\n\t\t<\/section>\n\t\t\t\t<\/div>","protected":false},"excerpt":{"rendered":"<p>Asesoramiento Personalizado \u00a1Unidos somos m\u00e1s fuertes! En Norte Grupo Inmobiliario creemos que el desarrollo de contenido de valor y calidad, impera sobre las dem\u00e1s ofertas disponibles en la industria. Actualmente contamos con una completa infraestructura de servicios, mediante la cual producimos contenido que permita destacar las piezas claves de cada una de las propiedades que ofertamos y llegar a los clientes m\u00e1s exclusivos y &#8230;<\/p>","protected":false},"author":1,"featured_media":0,"parent":0,"menu_order":0,"comment_status":"closed","ping_status":"closed","template":"elementor_header_footer","meta":{"inline_featured_image":false,"_joinchat":[],"footnotes":""},"class_list":["post-22616","page","type-page","status-publish","hentry"],"_hostinger_reach_plugin_has_subscription_block":false,"_hostinger_reach_plugin_is_elementor":false,"_links":{"self":[{"href":"https:\/\/norte.com.co\/en\/wp-json\/wp\/v2\/pages\/22616","targetHints":{"allow":["GET"]}}],"collection":[{"href":"https:\/\/norte.com.co\/en\/wp-json\/wp\/v2\/pages"}],"about":[{"href":"https:\/\/norte.com.co\/en\/wp-json\/wp\/v2\/types\/page"}],"author":[{"embeddable":true,"href":"https:\/\/norte.com.co\/en\/wp-json\/wp\/v2\/users\/1"}],"replies":[{"embeddable":true,"href":"https:\/\/norte.com.co\/en\/wp-json\/wp\/v2\/comments?post=22616"}],"version-history":[{"count":7,"href":"https:\/\/norte.com.co\/en\/wp-json\/wp\/v2\/pages\/22616\/revisions"}],"predecessor-version":[{"id":22629,"href":"https:\/\/norte.com.co\/en\/wp-json\/wp\/v2\/pages\/22616\/revisions\/22629"}],"wp:attachment":[{"href":"https:\/\/norte.com.co\/en\/wp-json\/wp\/v2\/media?parent=22616"}],"curies":[{"name":"wp","href":"https:\/\/api.w.org\/{rel}","templated":true}]}}